{"id":2,"date":"2018-11-06T20:17:26","date_gmt":"2018-11-06T20:17:26","guid":{"rendered":"https:\/\/hausmeisterdienst-krautwurst.de\/?page_id=2"},"modified":"2020-03-19T10:48:16","modified_gmt":"2020-03-19T10:48:16","slug":"leistungen","status":"publish","type":"page","link":"https:\/\/hausmeisterdienst-krautwurst.de\/index.php\/leistungen\/","title":{"rendered":"Leistungen"},"content":{"rendered":"\n<h4 class=\"has-text-color has-text-align-center wp-block-heading\" style=\"color:#28aa7a\">Objekt \u00dcberwachung<\/h4>\n\n\n\n<p>Wir \u00fcberwachen Ihr Objekt, kontakten und \u00fcbernehmen die Abnahme der Handwerkerarbeiten von Fachbetrieben oder stellen unsere eigenen Handwerker zur Verf\u00fcgung. <\/p>\n\n\n\n<h4 class=\"has-text-color has-text-align-center wp-block-heading\" style=\"color:#28aa7a\">Reinigung<\/h4>\n\n\n\n<p>Unser Reinigungsteam steht Ihnen f\u00fcr eine qualitative Reinigung zur Verf\u00fcgung. Egal ob es sich dabei um kleine oder gro\u00dfe Arbeiten handelt. Dies erledigen unsere  fest angestellten Mitarbeiter und KEINE Fremdfirmen. <\/p>\n\n\n\n<h4 class=\"has-text-color has-text-align-center wp-block-heading\" style=\"color:#28aa7a\">Gartenpflege<\/h4>\n\n\n\n<p>Unsere Mitarbeiter k\u00fcmmern sich um Rasen &amp; Co, das Strauchwerk geschnitten ist, das die Beete unkrautfrei bleiben, Laub entfernt ist, Wege und Gullys gereinigt sind und alles andere was zum Objekt dazu geh\u00f6rt. <\/p>\n\n\n\n<h4 class=\"has-text-color has-text-align-center wp-block-heading\" style=\"color:#28aa7a\">Winterdienst<\/h4>\n\n\n\n<p>Unsere Mitarbeiter r\u00e4umen den Schnee nach den derzeitig g\u00fcltigen Bestimmungen und streuen mit Salz oder Sand zur Vermeidung von Schnee- und Eisgl\u00e4tte 1x t\u00e4glich. Am Ende der Wintersaison wird \u00fcbrig gebliebenes Streugut wieder entfernt.<br><strong>( Winterdienst nur mit Hausmeistervertrag )<\/strong><\/p>\n\n\n\n<h4 class=\"has-text-color has-text-align-center wp-block-heading\" style=\"color:#28aa7a\">Notdienst<\/h4>\n\n\n\n<p>Unser Notdienst steht Ihnen 24h zur Verf\u00fcgung und k\u00fcmmert sich um alle gro\u00dfen und kleinen F\u00e4lle, welche immer mal vorkommen k\u00f6nnen. So das Sie immer sicher sein k\u00f6nnen das Ihr Objekt oder Ihre Liegenschaft in guten qualifizierten H\u00e4nden ist. <\/p>\n\n\n\n<hr class=\"wp-block-separator\"\/>\n\n\n\n<p>Unser Team stellt gerne mit Ihnen ein individuelles Servicepaket zusammen was nur das beinhaltet, was Sie f\u00fcr Ihre Immobilie oder Liegenschaft wirklich ben\u00f6tigen. <\/p>\n\n\n\n<p> z.B. \u00dcberwachung des Anwesens, \u00dcberwachung der austechnischen  Einrichtungen, Pflege der Gartenanlage,\u00a0Bedienung der Heizungsanlage  oder \u00dcberpr\u00fcfung der Aufzugsanlage. <\/p>\n","protected":false},"excerpt":{"rendered":"<p>Objekt \u00dcberwachung Wir \u00fcberwachen Ihr Objekt, kontakten und \u00fcbernehmen die Abnahme der Handwerkerarbeiten von Fachbetrieben oder stellen unsere eigenen Handwerker zur Verf\u00fcgung. Reinigung Unser Reinigungsteam steht Ihnen f\u00fcr eine qualitative Reinigung zur Verf\u00fcgung. Egal ob es sich dabei um kleine oder gro\u00dfe Arbeiten handelt. Dies erledigen unsere fest angestellten Mitarbeiter und KEINE Fremdfirmen. Gartenpflege Unsere<\/p>\n","protected":false},"author":1,"featured_media":0,"parent":0,"menu_order":0,"comment_status":"closed","ping_status":"closed","template":"","meta":{"footnotes":""},"class_list":["post-2","page","type-page","status-publish","hentry"],"_links":{"self":[{"href":"https:\/\/hausmeisterdienst-krautwurst.de\/index.php\/wp-json\/wp\/v2\/pages\/2","targetHints":{"allow":["GET"]}}],"collection":[{"href":"https:\/\/hausmeisterdienst-krautwurst.de\/index.php\/wp-json\/wp\/v2\/pages"}],"about":[{"href":"https:\/\/hausmeisterdienst-krautwurst.de\/index.php\/wp-json\/wp\/v2\/types\/page"}],"author":[{"embeddable":true,"href":"https:\/\/hausmeisterdienst-krautwurst.de\/index.php\/wp-json\/wp\/v2\/users\/1"}],"replies":[{"embeddable":true,"href":"https:\/\/hausmeisterdienst-krautwurst.de\/index.php\/wp-json\/wp\/v2\/comments?post=2"}],"version-history":[{"count":10,"href":"https:\/\/hausmeisterdienst-krautwurst.de\/index.php\/wp-json\/wp\/v2\/pages\/2\/revisions"}],"predecessor-version":[{"id":156,"href":"https:\/\/hausmeisterdienst-krautwurst.de\/index.php\/wp-json\/wp\/v2\/pages\/2\/revisions\/156"}],"wp:attachment":[{"href":"https:\/\/hausmeisterdienst-krautwurst.de\/index.php\/wp-json\/wp\/v2\/media?parent=2"}],"curies":[{"name":"wp","href":"https:\/\/api.w.org\/{rel}","templated":true}]}}