{"id":26,"date":"2018-11-06T21:11:16","date_gmt":"2018-11-06T21:11:16","guid":{"rendered":"https:\/\/hausmeisterdienst-krautwurst.de\/?page_id=26"},"modified":"2024-09-30T17:41:58","modified_gmt":"2024-09-30T17:41:58","slug":"impressum","status":"publish","type":"page","link":"https:\/\/hausmeisterdienst-krautwurst.de\/index.php\/impressum\/","title":{"rendered":"Impressum"},"content":{"rendered":"<p><span style=\"color: #339966;\"><strong><span class=\"xr_tl xr_s4\">Name und Sitz des Unternehmens:<\/span><\/strong><\/span><\/p>\n<p><span class=\"xr_tl xr_s4\">Hausmeisterdienst Krautwurst, Inh.: Markus Koch<br \/>\nAnschrift: <\/span><span class=\"xr_tl xr_s4\">Schwertstrasse 30,<\/span> <span class=\"xr_tl xr_s4\">47799 Krefeld<\/span><\/p>\n<p><span class=\"xr_tl xr_s4\">Tel.:<\/span> <span class=\"xr_tl xr_s4\">02151 &#8211; 202217<br \/>\nFax.:<\/span> <span class=\"xr_tl xr_s4\">02151 &#8211; 202232<br \/>\ne-mail: info@hausmeisterdienst-krautwurst.de<\/span><\/p>\n<p><span class=\"xr_tl xr_s4\">USt-IdNr.: DE286368317<\/span><\/p>\n<p><span class=\"xr_tr xr_s4\">Herausgeber der Website: Hausmeisterdienst Krautwurst<\/span><\/p>\n<p class=\"xr_s4\"><span class=\"xr_tr xr_s4\">Umsetzung und Gestaltung durch: <a href=\"http:\/\/www.ct-webservice.de\" target=\"_blank\" rel=\"noopener noreferrer\"><strong><span style=\"color: #339966;\">CT-Webservice<\/span><\/strong><\/a><br \/>\nWebhosting, Webdesign &amp; Printmedien<br \/>\nWir nutzen ein Enigma Child Theme von <a href=\"https:\/\/weblizar.com\/themes\/\" target=\"_blank\" rel=\"noopener\">WebLizar<\/a>.<\/span><\/p>\n<p>Webhosting, Webdesign &amp; Printmedien<\/p>\n<p class=\"xr_s4\"><span class=\"xr_tr xr_s4\">Verantwortlicher im Sinne der \u00a7\u00a7 6 TDG, 10 MDStV ist<\/span> <span class=\"xr_tr xr_s4\">Herr Markus Koch<\/span><br \/>\n<span class=\"xr_tr xr_s4\">gesch\u00e4ftsf\u00fchrender pers\u00f6nlich haftender Gesellschafter.<\/span><\/p>\n<p class=\"xr_s4\"><span class=\"xr_tr xr_s4\">Sitz des Unternehmens und Gerichtsstand ist Krefeld.<\/span><br \/>\n<span class=\"xr_tr xr_s4\">Eingetragen im Handelsregister Krefeld: Nr. folgt&#8230;<\/span><\/p>\n<address class=\"xr_s10\">\u00a0<\/address>\n<address class=\"xr_s10\"><span style=\"color: #339966;\"><strong><span class=\"xr_tl xr_s10\">1. Haftungsbeschr\u00e4nkung<\/span><\/strong><\/span><\/address>\n<address class=\"xr_s10\"><span class=\"xr_tl xr_s4\">Die Inhalte dieser Website werden mit gr\u00f6\u00dftm\u00f6glicher Sorgfalt erstellt. Hausmeisterdienst Krautwurst \u00fcbernimmt <\/span> <span class=\"xr_tl xr_s4\">jedoch keine Gew\u00e4hr f\u00fcr die Richtigkeit, Vollst\u00e4ndigkeit und Aktualit\u00e4t der bereitgestellten Inhalte. Die Nutzung der <\/span> <span class=\"xr_tl xr_s4\">Inhalte der Website erfolgt auf eigene Gefahr des Nutzers. Namentlich gekennzeichnete Beitr\u00e4ge geben die <\/span> <span class=\"xr_tl xr_s4\">Meinung des jeweiligen Autors und nicht immer die Meinung von Hausmeisterdienst Krautwurst wieder. Mit der <\/span> <span class=\"xr_tl xr_s4\">reinen Nutzung der Website von Hausmeisterdienst Krautwurst kommt keinerlei Vertragsverh\u00e4ltnis zwischen dem <\/span> <span class=\"xr_tl xr_s4\">Nutzer und Hausmeisterdienst Krautwurst zustande.<\/span><\/address>\n<address class=\"xr_s10\">\u00a0<\/address>\n<address class=\"xr_s10\"><span style=\"color: #339966;\"><strong><span class=\"xr_tl xr_s10\">2. Externe Links<\/span><\/strong><\/span><\/address>\n<address class=\"xr_s10\"><span class=\"xr_tl xr_s4\">Diese Website enth\u00e4lt Verkn\u00fcpfungen zu Websites Dritter (&#8222;externe Links&#8220;). Diese Websites unterliegen der <\/span> <span class=\"xr_tl xr_s4\">Haftung der jeweiligen Betreiber. Hausmeisterdienst Krautwurst hat bei der erstmaligen Verkn\u00fcpfung der externen <\/span> <span class=\"xr_tl xr_s4\">Links die fremden Inhalte daraufhin \u00fcberpr\u00fcft, ob etwaige Rechtsverst\u00f6\u00dfe bestehen. Zu dem Zeitpunkt waren <\/span> <span class=\"xr_tl xr_s4\">keine Rechtsverst\u00f6\u00dfe ersichtlich. Hausmeisterdienst Krautwurst hat keinerlei Einfluss auf die aktuelle und <\/span> <span class=\"xr_tl xr_s4\">zuk\u00fcnftige Gestaltung und auf die Inhalte der verkn\u00fcpften Seiten. Das Setzen von externen Links bedeutet nicht, <\/span> <span class=\"xr_tl xr_s4\">dass sich Hausmeisterdienst Krautwurst die hinter dem Verweis oder Link liegenden Inhalte zu Eigen macht. Eine <\/span> <span class=\"xr_tl xr_s4\">st\u00e4ndige Kontrolle der externen Links ist f\u00fcr Hausmeisterdienst Krautwurst ohne konkrete Hinweise auf <\/span> <span class=\"xr_tl xr_s4\">Rechtsverst\u00f6\u00dfe nicht zumutbar. Bei Kenntnis von Rechtsverst\u00f6\u00dfen werden jedoch derartige externe Links <\/span> <span class=\"xr_tl xr_s4\">unverz\u00fcglich gel\u00f6scht.<\/span><\/address>\n<address class=\"xr_s10\">\u00a0<\/address>\n<address class=\"xr_s10\"><span style=\"color: #339966;\"><strong><span class=\"xr_tl xr_s10\">3. Urheber- und Leistungsschutzrechte<\/span><\/strong><\/span><\/address>\n<address class=\"xr_s10\"><span class=\"xr_tl xr_s4\">Die auf dieser Website ver\u00f6ffentlichten Inhalte unterliegen dem deutschen Urheber- und Leistungsschutzrecht. <\/span> <span class=\"xr_tl xr_s4\">Jede vom deutschen Urheber- und Leistungsschutzrecht nicht zugelassene Verwertung bedarf der vorherigen <\/span> <span class=\"xr_tl xr_s4\">schriftlichen Zustimmung durch Hausmeisterdienst Krautwurst oder den jeweiligen Rechteinhabers. Dies gilt <\/span> <span class=\"xr_tl xr_s4\">insbesondere f\u00fcr Vervielf\u00e4ltigung, Bearbeitung, \u00dcbersetzung, Einspeicherung, Verarbeitung bzw. Wiedergabe von <\/span> <span class=\"xr_tl xr_s4\">Inhalten in Datenbanken oder anderen elektronischen Medien und Systemen. Inhalte und Rechte Dritter sind <\/span> <span class=\"xr_tl xr_s4\">dabei als solche gekennzeichnet. Die unerlaubte Vervielf\u00e4ltigung oder Weitergabe einzelner Inhalte oder <\/span> <span class=\"xr_tl xr_s4\">kompletter Seiten ist nicht gestattet und strafbar. Lediglich die Herstellung von Kopien und Downloads f\u00fcr den <\/span> <span class=\"xr_tl xr_s4\">pers\u00f6nlichen, privaten und nicht kommerziellen Gebrauch ist erlaubt.<\/span> <span class=\"xr_tl xr_s4\">Die Darstellung dieser Website in fremden Frames ist nur mit schriftlicher Erlaubnis zul\u00e4ssig.<\/span><\/address>\n<address class=\"xr_s10\">\u00a0<\/address>\n<address class=\"xr_s10\"><span class=\"xr_tl xr_s4\">Die Verwendung der Kontaktdaten des Impressums zur gewerblichen Werbung ist ausdr\u00fccklich nicht erw\u00fcnscht, <\/span> <span class=\"xr_tl xr_s4\">es sei denn Hausmeisterdienst Krautwurst hatte zuvor seine schriftliche Einwilligung erteilt oder es besteht bereits <\/span> <span class=\"xr_tl xr_s4\">eine Gesch\u00e4ftsbeziehung. Hausmeisterdienst Krautwurst und alle auf dieser Website genannten Personen <\/span> <span class=\"xr_tl xr_s4\">widersprechen hiermit jeder kommerziellen Verwendung und Weitergabe ihrer Daten.<\/span><\/address>\n","protected":false},"excerpt":{"rendered":"<p>Name und Sitz des Unternehmens: Hausmeisterdienst Krautwurst, Inh.: Markus Koch Anschrift: Schwertstrasse 30, 47799 Krefeld Tel.: 02151 &#8211; 202217 Fax.: 02151 &#8211; 202232 e-mail: info@hausmeisterdienst-krautwurst.de USt-IdNr.: DE286368317 Herausgeber der Website: Hausmeisterdienst Krautwurst Umsetzung und Gestaltung durch: CT-Webservice Webhosting, Webdesign &amp; Printmedien Wir nutzen ein Enigma Child Theme von WebLizar. Webhosting, Webdesign &amp; Printmedien Verantwortlicher im<\/p>\n","protected":false},"author":1,"featured_media":0,"parent":0,"menu_order":0,"comment_status":"closed","ping_status":"closed","template":"","meta":{"footnotes":""},"class_list":["post-26","page","type-page","status-publish","hentry"],"_links":{"self":[{"href":"https:\/\/hausmeisterdienst-krautwurst.de\/index.php\/wp-json\/wp\/v2\/pages\/26","targetHints":{"allow":["GET"]}}],"collection":[{"href":"https:\/\/hausmeisterdienst-krautwurst.de\/index.php\/wp-json\/wp\/v2\/pages"}],"about":[{"href":"https:\/\/hausmeisterdienst-krautwurst.de\/index.php\/wp-json\/wp\/v2\/types\/page"}],"author":[{"embeddable":true,"href":"https:\/\/hausmeisterdienst-krautwurst.de\/index.php\/wp-json\/wp\/v2\/users\/1"}],"replies":[{"embeddable":true,"href":"https:\/\/hausmeisterdienst-krautwurst.de\/index.php\/wp-json\/wp\/v2\/comments?post=26"}],"version-history":[{"count":8,"href":"https:\/\/hausmeisterdienst-krautwurst.de\/index.php\/wp-json\/wp\/v2\/pages\/26\/revisions"}],"predecessor-version":[{"id":197,"href":"https:\/\/hausmeisterdienst-krautwurst.de\/index.php\/wp-json\/wp\/v2\/pages\/26\/revisions\/197"}],"wp:attachment":[{"href":"https:\/\/hausmeisterdienst-krautwurst.de\/index.php\/wp-json\/wp\/v2\/media?parent=26"}],"curies":[{"name":"wp","href":"https:\/\/api.w.org\/{rel}","templated":true}]}}