{"id":34,"date":"2018-11-06T21:15:28","date_gmt":"2018-11-06T21:15:28","guid":{"rendered":"https:\/\/hausmeisterdienst-krautwurst.de\/?page_id=34"},"modified":"2020-03-19T10:52:31","modified_gmt":"2020-03-19T10:52:31","slug":"willkommen","status":"publish","type":"page","link":"https:\/\/hausmeisterdienst-krautwurst.de\/index.php\/willkommen\/","title":{"rendered":"Willkommen"},"content":{"rendered":"<p><span style=\"color: #339966;\"><strong><span class=\"xr_tl xr_s4\">Wir freuen uns, Sie auf unserer Homepage begr\u00fcssen zu d\u00fcrfen.<\/span><\/strong><\/span><br \/>\n<span class=\"xr_tl xr_s4\">Mit dieser Homepage m\u00f6chten wir Ihnen einen \u00dcberblick \u00fcber<\/span> <span class=\"xr_tl xr_s4\">unsere Leistungen geben und Ihnen die M\u00f6glichkeit geben<\/span> <span class=\"xr_tl xr_s4\">sich mit uns in Verbindung zu setzen.<\/span><\/p>\n<p><span class=\"xr_tl xr_s4\">Besitzen Sie ein Objekt oder eine Immobilie&#8230;<\/span><\/p>\n<p><span class=\"xr_tl xr_s4\">&#8230; wof\u00fcr Sie einen Hausmeister suchen ?<\/span><br \/>\n<span class=\"xr_tl xr_s4\">&#8230; die renoviert oder instandgesetzt werden muss ?<\/span><br \/>\n<span class=\"xr_tl xr_s4\">&#8230; wof\u00fcr Sie einen Reinigungsdienst ben\u00f6tigen ?<\/span><br \/>\n<span class=\"xr_tl xr_s4\">&#8230; wo Garten- und Landschaftspflege ausgef\u00fchrt werden muss ?<\/span><br \/>\n<span class=\"xr_tl xr_s4\">&#8230; wof\u00fcr Sie einen Winterdienst suchen ?<\/span><br \/>\n<span class=\"xr_tl xr_s4\">&#8230; und ben\u00f6tigen einen 24h Notdienst der sich um all dies f\u00fcr Ihr Objekt k\u00fcmmert ?<\/span><\/p>\n<p><span class=\"xr_tl xr_s4\">dann finden wir f\u00fcr Sie mit Sicherheit die richtige L\u00f6sung und die richtige qualitative Betreuung<\/span>.<\/p>\n","protected":false},"excerpt":{"rendered":"<p>Wir freuen uns, Sie auf unserer Homepage begr\u00fcssen zu d\u00fcrfen. Mit dieser Homepage m\u00f6chten wir Ihnen einen \u00dcberblick \u00fcber unsere Leistungen geben und Ihnen die M\u00f6glichkeit geben sich mit uns in Verbindung zu setzen. Besitzen Sie ein Objekt oder eine Immobilie&#8230; &#8230; wof\u00fcr Sie einen Hausmeister suchen ? &#8230; die renoviert oder instandgesetzt werden muss<\/p>\n","protected":false},"author":1,"featured_media":0,"parent":0,"menu_order":0,"comment_status":"closed","ping_status":"closed","template":"","meta":{"footnotes":""},"class_list":["post-34","page","type-page","status-publish","hentry"],"_links":{"self":[{"href":"https:\/\/hausmeisterdienst-krautwurst.de\/index.php\/wp-json\/wp\/v2\/pages\/34","targetHints":{"allow":["GET"]}}],"collection":[{"href":"https:\/\/hausmeisterdienst-krautwurst.de\/index.php\/wp-json\/wp\/v2\/pages"}],"about":[{"href":"https:\/\/hausmeisterdienst-krautwurst.de\/index.php\/wp-json\/wp\/v2\/types\/page"}],"author":[{"embeddable":true,"href":"https:\/\/hausmeisterdienst-krautwurst.de\/index.php\/wp-json\/wp\/v2\/users\/1"}],"replies":[{"embeddable":true,"href":"https:\/\/hausmeisterdienst-krautwurst.de\/index.php\/wp-json\/wp\/v2\/comments?post=34"}],"version-history":[{"count":2,"href":"https:\/\/hausmeisterdienst-krautwurst.de\/index.php\/wp-json\/wp\/v2\/pages\/34\/revisions"}],"predecessor-version":[{"id":159,"href":"https:\/\/hausmeisterdienst-krautwurst.de\/index.php\/wp-json\/wp\/v2\/pages\/34\/revisions\/159"}],"wp:attachment":[{"href":"https:\/\/hausmeisterdienst-krautwurst.de\/index.php\/wp-json\/wp\/v2\/media?parent=34"}],"curies":[{"name":"wp","href":"https:\/\/api.w.org\/{rel}","templated":true}]}}