{"id":72,"date":"2018-11-06T21:38:42","date_gmt":"2018-11-06T21:38:42","guid":{"rendered":"https:\/\/hausmeisterdienst-krautwurst.de\/?page_id=72"},"modified":"2019-08-31T16:24:12","modified_gmt":"2019-08-31T16:24:12","slug":"objekte","status":"publish","type":"page","link":"https:\/\/hausmeisterdienst-krautwurst.de\/index.php\/objekte\/","title":{"rendered":"Objekte"},"content":{"rendered":"\n<p><span class=\"xr_tl xr_s7\">Hier sehen Sie einen kleinen Auszug von Objekten die von uns betreut werden.<br>\nF\u00fcr eine gr\u00f6\u00dfere Ansicht einfach auf das Bild klicken.<\/span><\/p>\n\n\n\n<ul class=\"wp-block-gallery columns-5 is-cropped wp-block-gallery-1 is-layout-flex wp-block-gallery-is-layout-flex\"><li class=\"blocks-gallery-item\"><figure><a href=\"https:\/\/hausmeisterdienst-krautwurst.de\/wp-content\/uploads\/2018\/11\/102.jpg\"><img loading=\"lazy\" decoding=\"async\" width=\"500\" height=\"750\" src=\"https:\/\/hausmeisterdienst-krautwurst.de\/wp-content\/uploads\/2018\/11\/102.jpg\" alt=\"\" data-id=\"71\" class=\"wp-image-71\" srcset=\"https:\/\/hausmeisterdienst-krautwurst.de\/wp-content\/uploads\/2018\/11\/102.jpg 500w, https:\/\/hausmeisterdienst-krautwurst.de\/wp-content\/uploads\/2018\/11\/102-200x300.jpg 200w\" sizes=\"auto, (max-width: 500px) 100vw, 500px\" \/><\/a><\/figure><\/li><li class=\"blocks-gallery-item\"><figure><a href=\"https:\/\/hausmeisterdienst-krautwurst.de\/wp-content\/uploads\/2018\/11\/100.jpg\"><img loading=\"lazy\" decoding=\"async\" width=\"500\" height=\"750\" src=\"https:\/\/hausmeisterdienst-krautwurst.de\/wp-content\/uploads\/2018\/11\/100.jpg\" alt=\"\" data-id=\"69\" class=\"wp-image-69\" srcset=\"https:\/\/hausmeisterdienst-krautwurst.de\/wp-content\/uploads\/2018\/11\/100.jpg 500w, https:\/\/hausmeisterdienst-krautwurst.de\/wp-content\/uploads\/2018\/11\/100-200x300.jpg 200w\" sizes=\"auto, (max-width: 500px) 100vw, 500px\" \/><\/a><\/figure><\/li><li class=\"blocks-gallery-item\"><figure><a href=\"https:\/\/hausmeisterdienst-krautwurst.de\/wp-content\/uploads\/2018\/11\/101.jpg\"><img loading=\"lazy\" decoding=\"async\" width=\"500\" height=\"750\" src=\"https:\/\/hausmeisterdienst-krautwurst.de\/wp-content\/uploads\/2018\/11\/101.jpg\" alt=\"\" data-id=\"70\" class=\"wp-image-70\" srcset=\"https:\/\/hausmeisterdienst-krautwurst.de\/wp-content\/uploads\/2018\/11\/101.jpg 500w, https:\/\/hausmeisterdienst-krautwurst.de\/wp-content\/uploads\/2018\/11\/101-200x300.jpg 200w\" sizes=\"auto, (max-width: 500px) 100vw, 500px\" \/><\/a><\/figure><\/li><li class=\"blocks-gallery-item\"><figure><a href=\"https:\/\/hausmeisterdienst-krautwurst.de\/wp-content\/uploads\/2018\/11\/98.jpg\"><img loading=\"lazy\" decoding=\"async\" width=\"500\" height=\"750\" src=\"https:\/\/hausmeisterdienst-krautwurst.de\/wp-content\/uploads\/2018\/11\/98.jpg\" alt=\"\" data-id=\"67\" class=\"wp-image-67\" srcset=\"https:\/\/hausmeisterdienst-krautwurst.de\/wp-content\/uploads\/2018\/11\/98.jpg 500w, https:\/\/hausmeisterdienst-krautwurst.de\/wp-content\/uploads\/2018\/11\/98-200x300.jpg 200w\" sizes=\"auto, (max-width: 500px) 100vw, 500px\" \/><\/a><\/figure><\/li><li class=\"blocks-gallery-item\"><figure><a href=\"https:\/\/hausmeisterdienst-krautwurst.de\/wp-content\/uploads\/2018\/11\/99.jpg\"><img loading=\"lazy\" decoding=\"async\" width=\"500\" height=\"750\" src=\"https:\/\/hausmeisterdienst-krautwurst.de\/wp-content\/uploads\/2018\/11\/99.jpg\" alt=\"\" data-id=\"68\" class=\"wp-image-68\" srcset=\"https:\/\/hausmeisterdienst-krautwurst.de\/wp-content\/uploads\/2018\/11\/99.jpg 500w, https:\/\/hausmeisterdienst-krautwurst.de\/wp-content\/uploads\/2018\/11\/99-200x300.jpg 200w\" sizes=\"auto, (max-width: 500px) 100vw, 500px\" \/><\/a><\/figure><\/li><li class=\"blocks-gallery-item\"><figure><a href=\"https:\/\/hausmeisterdienst-krautwurst.de\/wp-content\/uploads\/2018\/11\/97.jpg\"><img loading=\"lazy\" decoding=\"async\" width=\"500\" height=\"750\" src=\"https:\/\/hausmeisterdienst-krautwurst.de\/wp-content\/uploads\/2018\/11\/97.jpg\" alt=\"\" data-id=\"66\" class=\"wp-image-66\" srcset=\"https:\/\/hausmeisterdienst-krautwurst.de\/wp-content\/uploads\/2018\/11\/97.jpg 500w, https:\/\/hausmeisterdienst-krautwurst.de\/wp-content\/uploads\/2018\/11\/97-200x300.jpg 200w\" sizes=\"auto, (max-width: 500px) 100vw, 500px\" \/><\/a><\/figure><\/li><li class=\"blocks-gallery-item\"><figure><a href=\"https:\/\/hausmeisterdienst-krautwurst.de\/wp-content\/uploads\/2018\/11\/96.jpg\"><img loading=\"lazy\" decoding=\"async\" width=\"500\" height=\"750\" src=\"https:\/\/hausmeisterdienst-krautwurst.de\/wp-content\/uploads\/2018\/11\/96.jpg\" alt=\"\" data-id=\"65\" class=\"wp-image-65\" srcset=\"https:\/\/hausmeisterdienst-krautwurst.de\/wp-content\/uploads\/2018\/11\/96.jpg 500w, https:\/\/hausmeisterdienst-krautwurst.de\/wp-content\/uploads\/2018\/11\/96-200x300.jpg 200w\" sizes=\"auto, (max-width: 500px) 100vw, 500px\" \/><\/a><\/figure><\/li><li class=\"blocks-gallery-item\"><figure><a href=\"https:\/\/hausmeisterdienst-krautwurst.de\/wp-content\/uploads\/2018\/11\/94.jpg\"><img loading=\"lazy\" decoding=\"async\" width=\"500\" height=\"750\" src=\"https:\/\/hausmeisterdienst-krautwurst.de\/wp-content\/uploads\/2018\/11\/94.jpg\" alt=\"\" data-id=\"63\" class=\"wp-image-63\" srcset=\"https:\/\/hausmeisterdienst-krautwurst.de\/wp-content\/uploads\/2018\/11\/94.jpg 500w, https:\/\/hausmeisterdienst-krautwurst.de\/wp-content\/uploads\/2018\/11\/94-200x300.jpg 200w\" sizes=\"auto, (max-width: 500px) 100vw, 500px\" \/><\/a><\/figure><\/li><li class=\"blocks-gallery-item\"><figure><a href=\"https:\/\/hausmeisterdienst-krautwurst.de\/wp-content\/uploads\/2018\/11\/95.jpg\"><img loading=\"lazy\" decoding=\"async\" width=\"500\" height=\"750\" src=\"https:\/\/hausmeisterdienst-krautwurst.de\/wp-content\/uploads\/2018\/11\/95.jpg\" alt=\"\" data-id=\"64\" class=\"wp-image-64\" srcset=\"https:\/\/hausmeisterdienst-krautwurst.de\/wp-content\/uploads\/2018\/11\/95.jpg 500w, https:\/\/hausmeisterdienst-krautwurst.de\/wp-content\/uploads\/2018\/11\/95-200x300.jpg 200w\" sizes=\"auto, (max-width: 500px) 100vw, 500px\" \/><\/a><\/figure><\/li><li class=\"blocks-gallery-item\"><figure><a href=\"https:\/\/hausmeisterdienst-krautwurst.de\/wp-content\/uploads\/2018\/11\/92.jpg\"><img loading=\"lazy\" decoding=\"async\" width=\"500\" height=\"750\" src=\"https:\/\/hausmeisterdienst-krautwurst.de\/wp-content\/uploads\/2018\/11\/92.jpg\" alt=\"\" data-id=\"61\" class=\"wp-image-61\" srcset=\"https:\/\/hausmeisterdienst-krautwurst.de\/wp-content\/uploads\/2018\/11\/92.jpg 500w, https:\/\/hausmeisterdienst-krautwurst.de\/wp-content\/uploads\/2018\/11\/92-200x300.jpg 200w\" sizes=\"auto, (max-width: 500px) 100vw, 500px\" \/><\/a><\/figure><\/li><li class=\"blocks-gallery-item\"><figure><a href=\"https:\/\/hausmeisterdienst-krautwurst.de\/wp-content\/uploads\/2018\/11\/93.jpg\"><img loading=\"lazy\" decoding=\"async\" width=\"500\" height=\"750\" src=\"https:\/\/hausmeisterdienst-krautwurst.de\/wp-content\/uploads\/2018\/11\/93.jpg\" alt=\"\" data-id=\"62\" class=\"wp-image-62\" srcset=\"https:\/\/hausmeisterdienst-krautwurst.de\/wp-content\/uploads\/2018\/11\/93.jpg 500w, https:\/\/hausmeisterdienst-krautwurst.de\/wp-content\/uploads\/2018\/11\/93-200x300.jpg 200w\" sizes=\"auto, (max-width: 500px) 100vw, 500px\" \/><\/a><\/figure><\/li><li class=\"blocks-gallery-item\"><figure><a href=\"https:\/\/hausmeisterdienst-krautwurst.de\/wp-content\/uploads\/2018\/11\/90.jpg\"><img loading=\"lazy\" decoding=\"async\" width=\"500\" height=\"750\" src=\"https:\/\/hausmeisterdienst-krautwurst.de\/wp-content\/uploads\/2018\/11\/90.jpg\" alt=\"\" data-id=\"59\" class=\"wp-image-59\" srcset=\"https:\/\/hausmeisterdienst-krautwurst.de\/wp-content\/uploads\/2018\/11\/90.jpg 500w, https:\/\/hausmeisterdienst-krautwurst.de\/wp-content\/uploads\/2018\/11\/90-200x300.jpg 200w\" sizes=\"auto, (max-width: 500px) 100vw, 500px\" \/><\/a><\/figure><\/li><li class=\"blocks-gallery-item\"><figure><a href=\"https:\/\/hausmeisterdienst-krautwurst.de\/wp-content\/uploads\/2018\/11\/91.jpg\"><img loading=\"lazy\" decoding=\"async\" width=\"500\" height=\"750\" src=\"https:\/\/hausmeisterdienst-krautwurst.de\/wp-content\/uploads\/2018\/11\/91.jpg\" alt=\"\" data-id=\"60\" class=\"wp-image-60\" srcset=\"https:\/\/hausmeisterdienst-krautwurst.de\/wp-content\/uploads\/2018\/11\/91.jpg 500w, https:\/\/hausmeisterdienst-krautwurst.de\/wp-content\/uploads\/2018\/11\/91-200x300.jpg 200w\" sizes=\"auto, (max-width: 500px) 100vw, 500px\" \/><\/a><\/figure><\/li><li class=\"blocks-gallery-item\"><figure><a href=\"https:\/\/hausmeisterdienst-krautwurst.de\/wp-content\/uploads\/2018\/11\/88.jpg\"><img loading=\"lazy\" decoding=\"async\" width=\"500\" height=\"750\" src=\"https:\/\/hausmeisterdienst-krautwurst.de\/wp-content\/uploads\/2018\/11\/88.jpg\" alt=\"\" data-id=\"57\" class=\"wp-image-57\" srcset=\"https:\/\/hausmeisterdienst-krautwurst.de\/wp-content\/uploads\/2018\/11\/88.jpg 500w, https:\/\/hausmeisterdienst-krautwurst.de\/wp-content\/uploads\/2018\/11\/88-200x300.jpg 200w\" sizes=\"auto, (max-width: 500px) 100vw, 500px\" \/><\/a><\/figure><\/li><li class=\"blocks-gallery-item\"><figure><a href=\"https:\/\/hausmeisterdienst-krautwurst.de\/wp-content\/uploads\/2018\/11\/89.jpg\"><img loading=\"lazy\" decoding=\"async\" width=\"500\" height=\"750\" src=\"https:\/\/hausmeisterdienst-krautwurst.de\/wp-content\/uploads\/2018\/11\/89.jpg\" alt=\"\" data-id=\"58\" class=\"wp-image-58\" srcset=\"https:\/\/hausmeisterdienst-krautwurst.de\/wp-content\/uploads\/2018\/11\/89.jpg 500w, https:\/\/hausmeisterdienst-krautwurst.de\/wp-content\/uploads\/2018\/11\/89-200x300.jpg 200w\" sizes=\"auto, (max-width: 500px) 100vw, 500px\" \/><\/a><\/figure><\/li><li class=\"blocks-gallery-item\"><figure><a href=\"https:\/\/hausmeisterdienst-krautwurst.de\/wp-content\/uploads\/2018\/11\/87.jpg\"><img loading=\"lazy\" decoding=\"async\" width=\"500\" height=\"750\" src=\"https:\/\/hausmeisterdienst-krautwurst.de\/wp-content\/uploads\/2018\/11\/87.jpg\" alt=\"\" data-id=\"56\" class=\"wp-image-56\" srcset=\"https:\/\/hausmeisterdienst-krautwurst.de\/wp-content\/uploads\/2018\/11\/87.jpg 500w, https:\/\/hausmeisterdienst-krautwurst.de\/wp-content\/uploads\/2018\/11\/87-200x300.jpg 200w\" sizes=\"auto, (max-width: 500px) 100vw, 500px\" \/><\/a><\/figure><\/li><li class=\"blocks-gallery-item\"><figure><a href=\"https:\/\/hausmeisterdienst-krautwurst.de\/wp-content\/uploads\/2018\/11\/86.jpg\"><img loading=\"lazy\" decoding=\"async\" width=\"500\" height=\"750\" src=\"https:\/\/hausmeisterdienst-krautwurst.de\/wp-content\/uploads\/2018\/11\/86.jpg\" alt=\"\" data-id=\"55\" class=\"wp-image-55\" srcset=\"https:\/\/hausmeisterdienst-krautwurst.de\/wp-content\/uploads\/2018\/11\/86.jpg 500w, https:\/\/hausmeisterdienst-krautwurst.de\/wp-content\/uploads\/2018\/11\/86-200x300.jpg 200w\" sizes=\"auto, (max-width: 500px) 100vw, 500px\" \/><\/a><\/figure><\/li><li class=\"blocks-gallery-item\"><figure><a href=\"https:\/\/hausmeisterdienst-krautwurst.de\/wp-content\/uploads\/2018\/11\/85.jpg\"><img loading=\"lazy\" decoding=\"async\" width=\"500\" height=\"750\" src=\"https:\/\/hausmeisterdienst-krautwurst.de\/wp-content\/uploads\/2018\/11\/85.jpg\" alt=\"\" data-id=\"54\" class=\"wp-image-54\" srcset=\"https:\/\/hausmeisterdienst-krautwurst.de\/wp-content\/uploads\/2018\/11\/85.jpg 500w, https:\/\/hausmeisterdienst-krautwurst.de\/wp-content\/uploads\/2018\/11\/85-200x300.jpg 200w\" sizes=\"auto, (max-width: 500px) 100vw, 500px\" \/><\/a><\/figure><\/li><\/ul>\n","protected":false},"excerpt":{"rendered":"<p>Hier sehen Sie einen kleinen Auszug von Objekten die von uns betreut werden. F\u00fcr eine gr\u00f6\u00dfere Ansicht einfach auf das Bild klicken.<\/p>\n","protected":false},"author":1,"featured_media":0,"parent":0,"menu_order":0,"comment_status":"closed","ping_status":"closed","template":"","meta":{"footnotes":""},"class_list":["post-72","page","type-page","status-publish","hentry"],"_links":{"self":[{"href":"https:\/\/hausmeisterdienst-krautwurst.de\/index.php\/wp-json\/wp\/v2\/pages\/72","targetHints":{"allow":["GET"]}}],"collection":[{"href":"https:\/\/hausmeisterdienst-krautwurst.de\/index.php\/wp-json\/wp\/v2\/pages"}],"about":[{"href":"https:\/\/hausmeisterdienst-krautwurst.de\/index.php\/wp-json\/wp\/v2\/types\/page"}],"author":[{"embeddable":true,"href":"https:\/\/hausmeisterdienst-krautwurst.de\/index.php\/wp-json\/wp\/v2\/users\/1"}],"replies":[{"embeddable":true,"href":"https:\/\/hausmeisterdienst-krautwurst.de\/index.php\/wp-json\/wp\/v2\/comments?post=72"}],"version-history":[{"count":5,"href":"https:\/\/hausmeisterdienst-krautwurst.de\/index.php\/wp-json\/wp\/v2\/pages\/72\/revisions"}],"predecessor-version":[{"id":125,"href":"https:\/\/hausmeisterdienst-krautwurst.de\/index.php\/wp-json\/wp\/v2\/pages\/72\/revisions\/125"}],"wp:attachment":[{"href":"https:\/\/hausmeisterdienst-krautwurst.de\/index.php\/wp-json\/wp\/v2\/media?parent=72"}],"curies":[{"name":"wp","href":"https:\/\/api.w.org\/{rel}","templated":true}]}}